{"id":214,"date":"2022-07-19T18:31:32","date_gmt":"2022-07-19T16:31:32","guid":{"rendered":"https:\/\/valeriemessika-foundation.org\/?page_id=214"},"modified":"2023-02-21T17:30:22","modified_gmt":"2023-02-21T16:30:22","slug":"qui-sommes-nous","status":"publish","type":"page","link":"https:\/\/valeriemessika-foundation.org\/en\/qui-sommes-nous\/","title":{"rendered":"Notre Mission"},"content":{"rendered":"<h3 class=\"wp-block-heading\">Notre Mission<\/h3>\r\n\r\n\r\n\r\n<p class=\"wp-block-paragraph\">Cr\u00e9\u00e9e en 2021 sous l\u2019\u00e9gide de la Fondation de France, la Fondation Val\u00e9rie Messika a pour objet de soutenir des personnes, \u0153uvres ou organismes d\u2019int\u00e9r\u00eat g\u00e9n\u00e9ral notamment en faveur de l\u2019enfance et\/ou des femmes dans les domaines de l\u2019\u00e9ducation, la culture et de la sant\u00e9. Le Fonds peut \u00e0 titre exceptionnel intervenir dans tout autre domaine de l\u2019int\u00e9r\u00eat g\u00e9n\u00e9ral.<br \/>\u00a0Nous accompagnons des associations s\u00e9lectionn\u00e9es pour leur efficacit\u00e9 et leur impact tr\u00e8s concret qui agissent aupr\u00e8s des enfants et ou des femmes dans le monde entier.<\/p>\r\n\r\n\r\n\r\n<div class=\"wp-block-spacer\" style=\"height: 35px;\" aria-hidden=\"true\">\u00a0<\/div>\r\n\r\n\r\n\r\n<figure class=\"wp-block-pullquote\" style=\"font-size: 25px;\">\r\n<blockquote>\r\n<p><em>\u00ab\u00a0L&rsquo;admission de la femme \u00e0 l&rsquo;\u00e9galit\u00e9 parfaite serait la marque la plus s\u00fbre de la civilisation ; elle doublerait les forces intellectuelles du genre humain et ses chances de bonheur.\u00a0\u00bb Stendhal<\/em><\/p>\r\n<\/blockquote>\r\n<\/figure>\r\n\r\n\r\n\r\n<div class=\"wp-block-spacer\" style=\"height: 50px;\" aria-hidden=\"true\">\u00a0<\/div>\r\n\r\n\r\n\r\n<h3 class=\"wp-block-heading\">Le comit\u00e9 ex\u00e9cutif<\/h3>\r\n\r\n\r\n\r\n<p class=\"wp-block-paragraph\"><strong>Val\u00e9rie Messika, Pr\u00e9sidente<\/strong>\u00a0<\/p>\r\n\r\n\r\n\r\n<p class=\"wp-block-paragraph\">Dans sa joaillerie comme dans ses engagements, Messika met la valorisation de toutes les femmes au c\u0153ur de sa mission.<\/p>\r\n\r\n\r\n\r\n<p class=\"has-medium-font-size wp-block-paragraph\">Anim\u00e9e par le souhait d\u2019une joaillerie fashion et du diamant d\u00e9complex\u00e9, Val\u00e9rie Messika cr\u00e9e en 2005 sa Maison de Joaillerie. Elle r\u00e9invente cet accessoire fort de sens et de symbole en un objet ultra d\u00e9sirable et disruptif, que les femmes s\u2019offrent et qui leur apporte un suppl\u00e9ment d\u2019assurance. Ode aux femmes, \u00e0 leur pluralit\u00e9, \u00e0 leur diversit\u00e9, \u00a0Messika c\u00e9l\u00e8bre l\u2019image d\u2019une femme libre et ind\u00e9pendante.<\/p>\r\n\r\n\r\n\r\n<p class=\"wp-block-paragraph\">Through her foundation, Val\u00e9rie Messika wants to do everything she can to help create a society that is more tolerant, more inclusive and more open to the world. As the mother of two young daughters, she is keen to show them that there are no limits to what women can achieve.\u00a0<\/p>\r\n\r\n\r\n\r\n<div class=\"wp-block-spacer\" style=\"height: 7px;\" aria-hidden=\"true\">\u00a0<\/div>\r\n\r\n\r\n\r\n<p class=\"wp-block-paragraph\">Le mot de la Pr\u00e9sidente\u00a0<\/p>\r\n\r\n\r\n\r\n\r\n\r\n<p class=\"has-text-align-center has-normal-font-size wp-block-paragraph\"><em>\u00ab\u202fDepuis toujours, la femme, sa place dans la soci\u00e9t\u00e9, son ind\u00e9pendance est au c\u0153ur de ma vie. En tant qu\u2019entrepreneure, en tant que maman je sais combien cette place n\u2019est jamais totalement acquise. Les d\u00e9terminismes sont encore forts et les pr\u00e9jug\u00e9s malheureusement nombreux. En lan\u00e7ant cette fondation, il y a un an, j\u2019ai souhait\u00e9 m\u2019engager plus loin et agir plus concr\u00e8tement. En aidant sur le terrain les femmes les plus d\u00e9munies, en pla\u00e7ant l\u2019\u00e9ducation des jeunes filles comme facteur cl\u00e9 d\u2019\u00e9mancipation, nous aidons \u00e0 construire une soci\u00e9t\u00e9 plus juste, dans laquelle filles et gar\u00e7ons peuvent imaginer plus sereinement, sans limite leur avenir.\u202f\u00bb <\/em><br \/><br \/><em>Val\u00e9rie Messika, Pr\u00e9sidente<\/em>\u00a0<\/p>\r\n\r\n\r\n\r\n<div class=\"wp-block-spacer\" style=\"height: 63px;\" aria-hidden=\"true\"><img data-recalc-dims=\"1\" loading=\"lazy\" decoding=\"async\" data-attachment-id=\"1151\" data-permalink=\"https:\/\/valeriemessika-foundation.org\/en\/qui-sommes-nous\/valerie-messika-fondatrice-jpg\/\" data-orig-file=\"https:\/\/i0.wp.com\/valeriemessika-foundation.org\/wp-content\/uploads\/2023\/02\/Valerie-Messika-Fondatrice.jpg.png?fit=1024%2C768&amp;ssl=1\" data-orig-size=\"1024,768\" data-comments-opened=\"0\" data-image-meta=\"{&quot;aperture&quot;:&quot;0&quot;,&quot;credit&quot;:&quot;&quot;,&quot;camera&quot;:&quot;&quot;,&quot;caption&quot;:&quot;&quot;,&quot;created_timestamp&quot;:&quot;0&quot;,&quot;copyright&quot;:&quot;&quot;,&quot;focal_length&quot;:&quot;0&quot;,&quot;iso&quot;:&quot;0&quot;,&quot;shutter_speed&quot;:&quot;0&quot;,&quot;title&quot;:&quot;&quot;,&quot;orientation&quot;:&quot;0&quot;}\" data-image-title=\"Valerie Messika Fondatrice.jpg\" data-image-description=\"\" data-image-caption=\"\" data-large-file=\"https:\/\/i0.wp.com\/valeriemessika-foundation.org\/wp-content\/uploads\/2023\/02\/Valerie-Messika-Fondatrice.jpg.png?fit=640%2C480&amp;ssl=1\" class=\"wp-image-1151 aligncenter\" title=\"Val\u00e9rie Messika - Fondatrice\" src=\"https:\/\/i0.wp.com\/valeriemessika-foundation.org\/wp-content\/uploads\/2023\/02\/Valerie-Messika-Fondatrice.jpg.png?resize=532%2C399&#038;ssl=1\" alt=\"Val\u00e9rie Messika - Fondatrice\" width=\"532\" height=\"399\" srcset=\"https:\/\/i0.wp.com\/valeriemessika-foundation.org\/wp-content\/uploads\/2023\/02\/Valerie-Messika-Fondatrice.jpg.png?resize=300%2C225&amp;ssl=1 300w, https:\/\/i0.wp.com\/valeriemessika-foundation.org\/wp-content\/uploads\/2023\/02\/Valerie-Messika-Fondatrice.jpg.png?resize=768%2C576&amp;ssl=1 768w, https:\/\/i0.wp.com\/valeriemessika-foundation.org\/wp-content\/uploads\/2023\/02\/Valerie-Messika-Fondatrice.jpg.png?resize=800%2C600&amp;ssl=1 800w, https:\/\/i0.wp.com\/valeriemessika-foundation.org\/wp-content\/uploads\/2023\/02\/Valerie-Messika-Fondatrice.jpg.png?resize=400%2C300&amp;ssl=1 400w, https:\/\/i0.wp.com\/valeriemessika-foundation.org\/wp-content\/uploads\/2023\/02\/Valerie-Messika-Fondatrice.jpg.png?resize=200%2C150&amp;ssl=1 200w, https:\/\/i0.wp.com\/valeriemessika-foundation.org\/wp-content\/uploads\/2023\/02\/Valerie-Messika-Fondatrice.jpg.png?w=1024&amp;ssl=1 1024w\" sizes=\"auto, (max-width: 532px) 100vw, 532px\" \/><\/div>\r\n\r\n\r\n\r\n<p class=\"wp-block-paragraph\">&nbsp;<\/p>\r\n<p>&nbsp;<\/p>\r\n<p>&nbsp;<\/p>\r\n<p>&nbsp;<\/p>\r\n<p>&nbsp;<\/p>\r\n<p>&nbsp;<\/p>\r\n<p class=\"has-medium-font-size\">Aur\u00e9lie Darmon\u00a0<br \/>Directrice Marketing de Messika\u00a0<br \/>Management Assistant at Messika\u00a0<\/p>\r\n\r\n\r\n\r\n<p class=\"has-medium-font-size wp-block-paragraph\">Nicolas Zanelli\u00a0<br \/>Manager of the Fondation Val\u00e9rie Messika\u00a0<br \/>Administrateur de la Fondation Val\u00e9rie Messika\u00a0<\/p>\r\n\r\n\r\n\r\n<p class=\"has-medium-font-size wp-block-paragraph\">Amelie Piot\u00a0<br \/>Assistante de Direction de Messika\u00a0<br \/>Management Assistant at Messika\u00a0<\/p>\r\n\r\n\r\n\r\n<p class=\"has-medium-font-size wp-block-paragraph\">Oph\u00e9lie Meunier\u00a0<br \/>Journalist and TV presenter<br \/>Qualified personality<br \/><br \/>Lisa Poupaud<br \/>Responsable du d\u00e9partement Vuln\u00e9rabilit\u00e9s et Inclusion \u00e0 la Fondation de France\u00a0<br \/><br \/><\/p>","protected":false},"excerpt":{"rendered":"<p>Notre Mission Cr\u00e9\u00e9e en 2021 sous l\u2019\u00e9gide de la Fondation de France, la Fondation Val\u00e9rie Messika a pour objet de soutenir des personnes, \u0153uvres ou organismes d\u2019int\u00e9r\u00eat g\u00e9n\u00e9ral notamment en faveur de l\u2019enfance et\/ou des femmes dans les domaines de l\u2019\u00e9ducation, la culture et de la sant\u00e9. Le Fonds peut \u00e0 titre exceptionnel intervenir dans [&hellip;]<\/p>\n","protected":false},"author":220416335,"featured_media":0,"parent":0,"menu_order":0,"comment_status":"closed","ping_status":"closed","template":"header-footer-only","meta":{"_acf_changed":false,"_crdt_document":"","advanced_seo_description":"","jetpack_seo_html_title":"","jetpack_seo_noindex":false,"footnotes":""},"class_list":["post-214","page","type-page","status-publish","hentry"],"acf":[],"jetpack_likes_enabled":false,"jetpack_sharing_enabled":true,"jetpack_shortlink":"https:\/\/wp.me\/Pe7Us5-3s","_links":{"self":[{"href":"https:\/\/valeriemessika-foundation.org\/en\/wp-json\/wp\/v2\/pages\/214","targetHints":{"allow":["GET"]}}],"collection":[{"href":"https:\/\/valeriemessika-foundation.org\/en\/wp-json\/wp\/v2\/pages"}],"about":[{"href":"https:\/\/valeriemessika-foundation.org\/en\/wp-json\/wp\/v2\/types\/page"}],"author":[{"embeddable":true,"href":"https:\/\/valeriemessika-foundation.org\/en\/wp-json\/wp\/v2\/users\/220416335"}],"replies":[{"embeddable":true,"href":"https:\/\/valeriemessika-foundation.org\/en\/wp-json\/wp\/v2\/comments?post=214"}],"version-history":[{"count":44,"href":"https:\/\/valeriemessika-foundation.org\/en\/wp-json\/wp\/v2\/pages\/214\/revisions"}],"predecessor-version":[{"id":1157,"href":"https:\/\/valeriemessika-foundation.org\/en\/wp-json\/wp\/v2\/pages\/214\/revisions\/1157"}],"wp:attachment":[{"href":"https:\/\/valeriemessika-foundation.org\/en\/wp-json\/wp\/v2\/media?parent=214"}],"curies":[{"name":"wp","href":"https:\/\/api.w.org\/{rel}","templated":true}]}}